{"id":1487,"date":"2026-01-16T17:51:07","date_gmt":"2026-01-16T15:51:07","guid":{"rendered":"https:\/\/kontas.ro\/staging\/?page_id=1487"},"modified":"2026-02-10T11:51:43","modified_gmt":"2026-02-10T09:51:43","slug":"contabilitate","status":"publish","type":"page","link":"https:\/\/kontas.ro\/staging\/contabilitate\/","title":{"rendered":"Contabilitate"},"content":{"rendered":"\n<!-- Hero Section -->\n    <section class=\"hero-section section-hero bg-black-custom bg-teal-fancy text-white py-5 position-relative overflow-hidden\">\n      <div class=\"container position-relative py-5\">\n          <div class=\"row justify-content-center text-center py-lg-5\">\n            <div class=\"col-lg-8\">\n                <h1 class=\"display-4 fw-bold mb-4\">\n                Contabilitate <span class=\"text-teal\">digitalizat\u0103<\/span>. <\/br>Salarizare. HR.\n                <\/h1>\n                <h4 class=\"mb-4\">Te ajut\u0103m s\u0103 faci cas\u0103 bun\u0103 cu cifrele tale f\u0103c\u00e2nd contabilitatea accesibil\u0103. Totul \u00eentr-o manier\u0103 profesionist\u0103 de abordare a lucrurilor.<\/h4>\n                <a href=\"\/programeaza-intalnire\/\" class=\"btn btn-primary-teal btn-fancy-teal btn-lg mt-4\">Programeaz\u0103 o \u00eent\u00e2lnire.<\/a>\n            <\/div>\n          <\/div>\n      <\/div>\n    <\/section>\n\n    <section class=\"section-info-cards py-5 bg-light\">\n        <div class=\"container py-4\">\n        <!-- First Info Card -->\n            <div class=\"row align-items-center mb-5 g-4\">\n            <div class=\"col-lg-6 order-lg-1 order-2\">\n                <div class=\"info-card-redesigned bg-white shadow-sm p-5 h-100\">\n                    <p class=\"text-muted mb-4\">Acceseaz\u0103 oric\u00e2nd \u0219i de oriunde bazele tale de date \u0219i r\u0103m\u00e2i mereu informat. Nimic mai simplu implement\u00e2nd sistemul nostru.<\/p>\n                    <p class=\"text-muted mb-4\">Scaneaz\u0103 sau fotografiaz\u0103 documentele de care avem nevoie \u0219i dosarul t\u0103u va fi complet!<\/p>\n                    <h3 class=\"mb-3 text-dark\">Oferim cu drag:<\/h3>\n                    <ul>\n                        <li>Asisten\u021b\u0103 pentru \u00eentocmirea rapoartelor;<\/li>\n                        <li>Contractare, management \u0219i asisten\u021b\u0103 REVISAL;<\/li>\n                        <li>Consultan\u021b\u0103 \u0219i reprezentare.<\/li>\n                    <\/ul>\n                <\/div>\n            <\/div>\n            <div class=\"col-lg-6 order-lg-2 order-1 text-center\">\n                <img decoding=\"async\" src=\"https:\/\/weex.ro\/wp-content\/uploads\/2022\/05\/laptop.png\" alt=\"Collaboration\" class=\"img-fluid\">\n            <\/div>\n            <\/div>\n        <\/div>\n    <\/section>\n\n    <!-- Why Us Section -->\n    <section class=\"section-why-us why-us-section position-relative text-white py-5\">\n      <div class=\"why-us-background\"><\/div>\n      <div class=\"container position-relative py-4\">\n        <div class=\"row\">\n          <div class=\"col-lg-4\"><\/div>\n          <div class=\"col-lg-8\">\n            <h2 class=\"mb-4\">Cum proced\u0103m:<\/h2>\n\n            <div class=\"row g-3 mt-4\">\n                <div class=\"col-md-6\">\n                    <div class=\"feature-card p-4 h-100\">\n                        <div class=\"feature-icon mb-3\">\n                            <i class=\"bi bi-check2-square\"><\/i>\n                        <\/div>\n                        <p class=\"mb-0\">Ne plac situa\u021biile complicate \u0219i ne place s\u0103 ne sim\u021bim provoca\u021bi, prin urmare vom depune mereu toate eforturile s\u0103 le rezolv\u0103m;<\/p>\n                    <\/div>\n                <\/div>\n                <div class=\"col-md-6\">\n                    <div class=\"feature-card p-4 h-100\">\n                        <div class=\"feature-icon mb-3\">\n                            <i class=\"bi bi-check2-square\"><\/i>\n                        <\/div>\n                        <p class=\"mb-0\">Suntem mereu la curent cu rigorile legislative astfel \u00eenc\u00e2t s\u0103 \u021binem cont de ele;<\/p>\n                    <\/div>\n                <\/div>\n                <div class=\"col-md-6\">\n                    <div class=\"feature-card p-4 h-100\">\n                        <div class=\"feature-icon mb-3\">\n                            <i class=\"bi bi-check2-square\"><\/i>\n                        <\/div>\n                        <p class=\"mb-0\">Suntem dedica\u021bi tuturor clien\u021bilor no\u0219tri astfel \u00eenc\u00e2t datele tale vor fi mereu \u00een siguran\u021b\u0103 cu noi.<\/p>\n                    <\/div>\n                <\/div>\n            <\/div>\n          <\/div>\n        <\/div>\n      <\/div>\n    <\/section>\n\n    <section class=\"section-info-cards py-5 bg-light\">\n        <div class=\"container py-4\">\n\n            <!-- Second Info Card -->\n            <div class=\"row align-items-center g-4\">\n                <div class=\"col-lg-6 text-center\">\n                    <img decoding=\"async\" src=\"https:\/\/weex.ro\/wp-content\/uploads\/2022\/07\/de-ce-weex.png\" alt=\"Digital Solutions\" class=\"img-fluid\">\n                <\/div>\n                <div class=\"col-lg-6\">\n                    <div class=\"info-card-redesigned bg-white shadow-sm p-5 h-100\">              \n                        <div class=\"row\">\n                            <div class=\"col-12 col-md-10 text-center text-md-start order-2 order-md-1\">\n                            <h3 class=\"mb-4 text-dark\">De ce s\u0103 alegi KONTAS pentru afacerea ta?<\/h3>\n                            <\/div>\n                            <div class=\"col-12 col-md-2 d-flex align-items-center justify-content-center order-1 order-md-2\">\n                            <i class=\"bi bi-award-fill text-teal mb-4\" style=\"font-size: 3rem;\"><\/i>\n                            <\/div>\n                        <\/div>\n                        <ul class=\"info-checklist list-unstyled\">\n                            <li class=\"mb-3\">\n                            <i class=\"bi bi-check-circle-fill text-teal me-2\"><\/i>\n                            <span class=\"text-muted\">Ai parte de o echip\u0103 de top dedicat\u0103 businessului t\u0103u;<\/span>\n                            <\/li>\n                            <li class=\"mb-3\">\n                            <i class=\"bi bi-check-circle-fill text-teal me-2\"><\/i>\n                            <span class=\"text-muted\">Rezolvi prompt orice situa\u021bie financiar\u0103;<\/span>\n                            <\/li>\n                            <li class=\"mb-3\">\n                            <i class=\"bi bi-check-circle-fill text-teal me-2\"><\/i>\n                            <span class=\"text-muted\">Prime\u0219ti suport \u0219i consultan\u021b\u0103 \u00een timp real.<\/span>\n                            <\/li>\n                        <\/ul>\n                    <\/div>\n                <\/div>\n            <\/div>\n        <\/div>\n    <\/section>\n\n    <!-- Additional Services Section -->\n    <section class=\"section-additional-services py-5 bg-dark text-white\">\n      <div class=\"container py-4\">\n        <div class=\"text-center mb-5\">\n          <h2>Las\u0103-\u021bi cifrele pe min\u021bi sigure!<\/h2>\n          <div class=\"divider-teal mx-auto mt-3\"><\/div>\n        <\/div>\n\n        <div class=\"text-center mt-5\">\n          <a href=\"\/programeaza-intalnire\/\" class=\"btn btn-primary-teal btn-fancy-teal btn-lg mt-4\">Programeaz\u0103 o \u00eent\u00e2lnire.<\/a>\n        <\/div>\n      <\/div>\n    <\/section>\n","protected":false},"excerpt":{"rendered":"<p>Contabilitate digitalizat\u0103. Salarizare. HR. Te ajut\u0103m s\u0103 faci cas\u0103 bun\u0103 cu cifrele tale f\u0103c\u00e2nd contabilitatea accesibil\u0103. Totul \u00eentr-o manier\u0103 profesionist\u0103 de abordare a lucrurilor. Programeaz\u0103 o \u00eent\u00e2lnire. Acceseaz\u0103 oric\u00e2nd \u0219i de oriunde bazele tale de date \u0219i r\u0103m\u00e2i mereu informat. Nimic mai simplu implement\u00e2nd sistemul nostru. Scaneaz\u0103 sau fotografiaz\u0103 documentele de care avem nevoie \u0219i [&hellip;]<\/p>\n","protected":false},"author":5,"featured_media":0,"parent":0,"menu_order":0,"comment_status":"closed","ping_status":"closed","template":"","meta":{"footnotes":""},"class_list":["post-1487","page","type-page","status-publish","hentry"],"_links":{"self":[{"href":"https:\/\/kontas.ro\/staging\/wp-json\/wp\/v2\/pages\/1487","targetHints":{"allow":["GET"]}}],"collection":[{"href":"https:\/\/kontas.ro\/staging\/wp-json\/wp\/v2\/pages"}],"about":[{"href":"https:\/\/kontas.ro\/staging\/wp-json\/wp\/v2\/types\/page"}],"author":[{"embeddable":true,"href":"https:\/\/kontas.ro\/staging\/wp-json\/wp\/v2\/users\/5"}],"replies":[{"embeddable":true,"href":"https:\/\/kontas.ro\/staging\/wp-json\/wp\/v2\/comments?post=1487"}],"version-history":[{"count":4,"href":"https:\/\/kontas.ro\/staging\/wp-json\/wp\/v2\/pages\/1487\/revisions"}],"predecessor-version":[{"id":1606,"href":"https:\/\/kontas.ro\/staging\/wp-json\/wp\/v2\/pages\/1487\/revisions\/1606"}],"wp:attachment":[{"href":"https:\/\/kontas.ro\/staging\/wp-json\/wp\/v2\/media?parent=1487"}],"curies":[{"name":"wp","href":"https:\/\/api.w.org\/{rel}","templated":true}]}}