{"id":1493,"date":"2026-01-16T17:59:15","date_gmt":"2026-01-16T15:59:15","guid":{"rendered":"https:\/\/kontas.ro\/staging\/?page_id=1493"},"modified":"2026-02-10T11:53:13","modified_gmt":"2026-02-10T09:53:13","slug":"servicii","status":"publish","type":"page","link":"https:\/\/kontas.ro\/staging\/servicii\/","title":{"rendered":"Servicii"},"content":{"rendered":"\n<!-- Hero Section -->\n    <section class=\"hero-section section-hero bg-black-custom bg-teal-fancy text-white py-5 position-relative overflow-hidden\">\n      <div class=\"container position-relative py-5\">\n          <div class=\"row justify-content-center text-center py-lg-5\">\n            <div class=\"col-lg-8\">\n                <h1 class=\"display-4 fw-bold mb-4\">\n                    Servicii conexe <span class=\"text-teal\">premium<\/span>.\n                <\/h1>\n                <h4 class=\"mb-4\">Suntem o echip\u0103 de exper\u021bi \u00een domeniul financiar-contabil care se ocup\u0103 de afaceri de succes. Putem face echip\u0103 \u0219i cu tine dac\u0103 vrei s\u0103-\u021bi creasc\u0103 businessul, despre orice ar fi el: produc\u021bie, servicii, distribu\u021bie, e-commerce, IT, energie eolian\u0103 \u0219i solar\u0103, dropshipping, etc.<\/h4>\n                <a href=\"\/programeaza-intalnire\/\" class=\"btn btn-primary-teal btn-fancy-teal btn-lg mt-4\">Programeaz\u0103 o \u00eent\u00e2lnire.<\/a>\n            <\/div>\n          <\/div>\n      <\/div>\n    <\/section>\n\n    <section class=\"section-additional-services py-5 bg-white\">\n        <div class=\"container py-4\">\n            <div class=\"text-center mb-5\">\n            <h2>Cu ce te putem ajuta<\/h2>\n            <div class=\"divider-teal mx-auto mt-3\"><\/div>\n            <\/div>\n\n            <div class=\"row row-cols-2 row-cols-md-4 g-4 mb-4\">\n            <div class=\"col text-center\">\n                <div class=\"additional-service-icon mb-3\">\n                <i class=\"bi bi-briefcase-fill text-teal\" style=\"font-size: 3rem;\"><\/i>\n                <\/div>\n                <h4 class=\"h5\">Consultan\u021b\u0103.<\/h4>\n                <p>De la nevoile afacerii tale la strategii de succes este doar un pas; hai s\u0103-l facem \u00eempreun\u0103!<\/p>\n            <\/div>\n            <div class=\"col text-center\">\n                <div class=\"additional-service-icon mb-3\">\n                <i class=\"bi bi-diagram-3-fill text-teal\" style=\"font-size: 3rem;\"><\/i>\n                <\/div>\n                <h4 class=\"h5\">Organizare.<\/h4>\n                <p>Alege inteligent \u0219i \u00een cuno\u0219tin\u021b\u0103 de cauz\u0103 \u00eentre diverse forme de organizare astfel \u00eenc\u00e2t afacerea ta s\u0103 prospere.<\/p>\n            <\/div>\n            <div class=\"col text-center\">\n                <div class=\"additional-service-icon mb-3\">\n                <i class=\"bi bi-building-fill text-teal\" style=\"font-size: 3rem;\"><\/i>\n                <\/div>\n                <h4 class=\"h5\">Audit.<\/h4>\n                <p>Examin\u0103m corect \u0219i transparent toate documentele tale financiare ca nu cumva s\u0103 ai ceva de pierdut.<\/p>\n            <\/div>\n            <div class=\"col text-center\">\n                <div class=\"additional-service-icon mb-3\">\n                <i class=\"bi bi-clipboard-check-fill text-teal\" style=\"font-size: 3rem;\"><\/i>\n                <\/div>\n                <h4 class=\"h5\">Due diligence.<\/h4>\n                <p>Acurate\u021be maxim\u0103 pentru o extindere profitabil\u0103. Due diligence.<\/p>\n            <\/div>\n            <\/div>\n\n            <div class=\"row row-cols-2 row-cols-md-4 g-4 mb-4\">\n            <div class=\"col text-center\">\n                <div class=\"additional-service-icon mb-3\">\n                <i class=\"bi bi-search text-teal\" style=\"font-size: 3rem;\"><\/i>\n                <\/div>\n                <h4 class=\"h5\">Expertize judiciare \u0219i extrajudiciare.<\/h4>\n                <p>P\u0103reri juridice avizate de la partenerii no\u0219tri.<\/p>\n            <\/div>\n            <div class=\"col text-center\">\n                <div class=\"additional-service-icon mb-3\">\n                <i class=\"bi bi-bank text-teal\" style=\"font-size: 3rem;\"><\/i>\n                <\/div>\n                <h4 class=\"h5\">Dosare de finan\u021bare.<\/h4>\n                <p>Oportunit\u0103\u021bi de finan\u021bare \u00eentocmite de exper\u021bi.<\/p>\n            <\/div>\n            <div class=\"col text-center\">\n                <div class=\"additional-service-icon mb-3\">\n                <i class=\"bi bi-folder-fill text-teal\" style=\"font-size: 3rem;\"><\/i>\n                <\/div>\n                <h4 class=\"h5\">Fuziune \u0219i achizi\u021bii.<\/h4>\n                <p>Tuturor ne e team\u0103 de schimbare, dar acolo este \u0219i oportunitatea; te consiliem noi cum s\u0103 faci s\u0103 profi\u021bi.<\/p>\n            <\/div>\n            <div class=\"col text-center\">\n                <div class=\"additional-service-icon mb-3\">\n                <i class=\"bi bi-file-earmark-text-fill text-teal\" style=\"font-size: 3rem;\"><\/i>\n                <\/div>\n                <h4 class=\"h5\">Dosare de pre\u021buri de transfer.<\/h4>\n                <p>Ne ocup\u0103m noi de aceast\u0103 obliga\u021bie formal\u0103.<\/p>\n            <\/div>\n            <\/div>\n\n            <div class=\"text-center mt-5\">\n            <a href=\"\/programeaza-intalnire\/\" class=\"btn btn-primary-teal btn-fancy-teal btn-lg\">Programeaz\u0103 o \u00eent\u00e2lnire.<\/a>\n            <\/div>\n        <\/div>\n    <\/section>\n\n    <section class=\"section-info-cards py-5 bg-light\">\n        <div class=\"container py-4\">\n        <!-- First Info Card -->\n            <div class=\"row align-items-center mb-5 g-4\">\n            <div class=\"col-lg-6 order-lg-1 order-2\">\n                <div class=\"info-card-redesigned bg-white shadow-sm p-5 h-100\">\n                    <h3>Cu noi vei avea parte de:<\/h3>\n                    <ul>\n                        <li>Eficien\u021b\u0103 financiar-contabil\u0103 de \u00eenalt\u0103 clas\u0103;<\/li>\n                        <li>Experien\u021b\u0103 fiscal\u0103 local\u0103 \u0219i interna\u021bional\u0103;<\/li>\n                        <li>Servicii optime de mentenan\u021b\u0103 \u0219i salarizare;<\/li>\n                        <li>Gestionarea rela\u021biei cu clien\u021bii \u00eentr-un mod proactiv;<\/li>\n                        <li>Servicii externalizate \u00een sarcina exper\u021bilor.<\/li>\n                    <\/ul>\n                <\/div>\n            <\/div>\n            <div class=\"col-lg-6 order-lg-2 order-1 text-center\">\n                <img decoding=\"async\" src=\"https:\/\/weex.ro\/wp-content\/uploads\/2022\/06\/consultanta-2.png\" alt=\"Collaboration\" class=\"img-fluid\">\n            <\/div>\n            <\/div>\n        <\/div>\n    <\/section>\n\n    <!-- Why Us Section -->\n    <section class=\"section-why-us why-us-section position-relative text-white py-5\">\n      <div class=\"why-us-background\"><\/div>\n      <div class=\"container position-relative py-4\">\n        <div class=\"row\">\n          <div class=\"col-lg-4\"><\/div>\n          <div class=\"col-lg-8\">\n            <h2 class=\"mb-4\">Cum proced\u0103m:<\/h2>\n\n            <div class=\"row g-3 mt-4\">\n                <div class=\"col-md-6\">\n                    <div class=\"feature-card p-4 h-100\">\n                        <div class=\"feature-icon mb-3\">\n                            <i class=\"bi bi-check2-square\"><\/i>\n                        <\/div>\n                        <p class=\"mb-0\">Ne plac situa\u021biile complicate \u0219i ne place s\u0103 ne sim\u021bim provoca\u021bi, prin urmare vom depune mereu toate eforturile s\u0103 le rezolv\u0103m;<\/p>\n                    <\/div>\n                <\/div>\n                <div class=\"col-md-6\">\n                    <div class=\"feature-card p-4 h-100\">\n                        <div class=\"feature-icon mb-3\">\n                            <i class=\"bi bi-check2-square\"><\/i>\n                        <\/div>\n                        <p class=\"mb-0\">Suntem mereu la curent cu rigorile legislative astfel \u00eenc\u00e2t s\u0103 \u021binem cont de ele;<\/p>\n                    <\/div>\n                <\/div>\n                <div class=\"col-md-6\">\n                    <div class=\"feature-card p-4 h-100\">\n                        <div class=\"feature-icon mb-3\">\n                            <i class=\"bi bi-check2-square\"><\/i>\n                        <\/div>\n                        <p class=\"mb-0\">Suntem dedica\u021bi tuturor clien\u021bilor no\u0219tri astfel \u00eenc\u00e2t datele tale vor fi mereu \u00een siguran\u021b\u0103 cu noi.<\/p>\n                    <\/div>\n                <\/div>\n            <\/div>\n          <\/div>\n        <\/div>\n      <\/div>\n    <\/section>\n\n    <section class=\"section-info-cards py-5 bg-light\">\n        <div class=\"container py-4\">\n\n            <!-- Second Info Card -->\n            <div class=\"row align-items-center g-4\">\n                <div class=\"col-lg-6 text-center\">\n                    <img decoding=\"async\" src=\"https:\/\/weex.ro\/wp-content\/uploads\/2022\/07\/de-ce-weex.png\" alt=\"Digital Solutions\" class=\"img-fluid\">\n                <\/div>\n                <div class=\"col-lg-6\">\n                    <div class=\"info-card-redesigned bg-white shadow-sm p-5 h-100\">              \n                        <div class=\"row\">\n                            <div class=\"col-12 col-md-10 text-center text-md-start order-2 order-md-1\">\n                            <h3 class=\"mb-4 text-dark\">De ce s\u0103 alegi KONTAS pentru afacerea ta?<\/h3>\n                            <\/div>\n                            <div class=\"col-12 col-md-2 d-flex align-items-center justify-content-center order-1 order-md-2\">\n                            <i class=\"bi bi-award-fill text-teal mb-4\" style=\"font-size: 3rem;\"><\/i>\n                            <\/div>\n                        <\/div>\n                        <ul class=\"info-checklist list-unstyled\">\n                            <li class=\"mb-3\">\n                            <i class=\"bi bi-check-circle-fill text-teal me-2\"><\/i>\n                            <span class=\"text-muted\">Ai parte de o echip\u0103 de top dedicat\u0103 businessului t\u0103u;<\/span>\n                            <\/li>\n                            <li class=\"mb-3\">\n                            <i class=\"bi bi-check-circle-fill text-teal me-2\"><\/i>\n                            <span class=\"text-muted\">Rezolvi prompt orice situa\u021bie financiar\u0103;<\/span>\n                            <\/li>\n                            <li class=\"mb-3\">\n                            <i class=\"bi bi-check-circle-fill text-teal me-2\"><\/i>\n                            <span class=\"text-muted\">Prime\u0219ti suport \u0219i consultan\u021b\u0103 \u00een timp real.<\/span>\n                            <\/li>\n                        <\/ul>\n                    <\/div>\n                <\/div>\n            <\/div>\n        <\/div>\n    <\/section>\n\n    <!-- Additional Services Section -->\n    <section class=\"section-additional-services py-5 bg-dark text-white\">\n      <div class=\"container py-4\">\n        <div class=\"text-center mb-5\">\n          <h2>Las\u0103-\u021bi cifrele pe min\u021bi sigure!<\/h2>\n          <div class=\"divider-teal mx-auto mt-3\"><\/div>\n        <\/div>\n\n        <div class=\"text-center mt-5\">\n          <a href=\"\/programeaza-intalnire\/\" class=\"btn btn-primary-teal btn-fancy-teal btn-lg\">Programeaz\u0103 o \u00eent\u00e2lnire.<\/a>\n        <\/div>\n      <\/div>\n    <\/section>\n","protected":false},"excerpt":{"rendered":"<p>Servicii conexe premium. Suntem o echip\u0103 de exper\u021bi \u00een domeniul financiar-contabil care se ocup\u0103 de afaceri de succes. Putem face echip\u0103 \u0219i cu tine dac\u0103 vrei s\u0103-\u021bi creasc\u0103 businessul, despre orice ar fi el: produc\u021bie, servicii, distribu\u021bie, e-commerce, IT, energie eolian\u0103 \u0219i solar\u0103, dropshipping, etc. Programeaz\u0103 o \u00eent\u00e2lnire. Cu ce te putem ajuta Consultan\u021b\u0103. De [&hellip;]<\/p>\n","protected":false},"author":5,"featured_media":0,"parent":0,"menu_order":0,"comment_status":"closed","ping_status":"closed","template":"","meta":{"footnotes":""},"class_list":["post-1493","page","type-page","status-publish","hentry"],"_links":{"self":[{"href":"https:\/\/kontas.ro\/staging\/wp-json\/wp\/v2\/pages\/1493","targetHints":{"allow":["GET"]}}],"collection":[{"href":"https:\/\/kontas.ro\/staging\/wp-json\/wp\/v2\/pages"}],"about":[{"href":"https:\/\/kontas.ro\/staging\/wp-json\/wp\/v2\/types\/page"}],"author":[{"embeddable":true,"href":"https:\/\/kontas.ro\/staging\/wp-json\/wp\/v2\/users\/5"}],"replies":[{"embeddable":true,"href":"https:\/\/kontas.ro\/staging\/wp-json\/wp\/v2\/comments?post=1493"}],"version-history":[{"count":5,"href":"https:\/\/kontas.ro\/staging\/wp-json\/wp\/v2\/pages\/1493\/revisions"}],"predecessor-version":[{"id":1608,"href":"https:\/\/kontas.ro\/staging\/wp-json\/wp\/v2\/pages\/1493\/revisions\/1608"}],"wp:attachment":[{"href":"https:\/\/kontas.ro\/staging\/wp-json\/wp\/v2\/media?parent=1493"}],"curies":[{"name":"wp","href":"https:\/\/api.w.org\/{rel}","templated":true}]}}